{"id":170,"date":"2025-06-05T11:26:51","date_gmt":"2025-06-05T09:26:51","guid":{"rendered":"https:\/\/bfcludocrea.com\/?page_id=170"},"modified":"2026-02-23T22:35:03","modified_gmt":"2026-02-23T21:35:03","slug":"a-propos-de-nous","status":"publish","type":"page","link":"https:\/\/bfcludocrea.com\/?page_id=170","title":{"rendered":"La fondatrice"},"content":{"rendered":"\t\t<div data-elementor-type=\"wp-page\" data-elementor-id=\"170\" class=\"elementor elementor-170\">\n\t\t\t\t<div class=\"elementor-element elementor-element-a39da72 e-flex e-con-boxed e-con e-parent\" data-id=\"a39da72\" data-element_type=\"container\" data-e-type=\"container\">\n\t\t\t\t\t<div class=\"e-con-inner\">\n\t\t\t\t<div class=\"elementor-element elementor-element-5508996 elementor-widget elementor-widget-heading\" data-id=\"5508996\" data-element_type=\"widget\" data-e-type=\"widget\" data-widget_type=\"heading.default\">\n\t\t\t\t<div class=\"elementor-widget-container\">\n\t\t\t\t\t<h1 class=\"elementor-heading-title elementor-size-default\">Faisons connaissance<\/h1>\t\t\t\t<\/div>\n\t\t\t\t<\/div>\n\t\t\t\t\t<\/div>\n\t\t\t\t<\/div>\n\t\t<div class=\"elementor-element elementor-element-3d0c9f4 e-flex e-con-boxed e-con e-parent\" data-id=\"3d0c9f4\" data-element_type=\"container\" data-e-type=\"container\">\n\t\t\t\t\t<div class=\"e-con-inner\">\n\t\t\t\t<div class=\"elementor-element elementor-element-3a47b5f elementor-widget__width-initial elementor-widget-mobile__width-initial elementor-widget elementor-widget-heading\" data-id=\"3a47b5f\" data-element_type=\"widget\" data-e-type=\"widget\" data-widget_type=\"heading.default\">\n\t\t\t\t<div class=\"elementor-widget-container\">\n\t\t\t\t\t<h4 class=\"elementor-heading-title elementor-size-default\">Emilie Clerbout<\/h4>\t\t\t\t<\/div>\n\t\t\t\t<\/div>\n\t\t\t\t<div class=\"elementor-element elementor-element-8e10f54 elementor-widget__width-initial elementor-widget elementor-widget-image\" data-id=\"8e10f54\" data-element_type=\"widget\" data-e-type=\"widget\" data-widget_type=\"image.default\">\n\t\t\t\t<div class=\"elementor-widget-container\">\n\t\t\t\t\t\t\t\t\t\t\t\t\t\t\t<img fetchpriority=\"high\" decoding=\"async\" width=\"313\" height=\"300\" src=\"https:\/\/bfcludocrea.com\/wp-content\/uploads\/2025\/06\/Photo-Emilie.png\" class=\"attachment-large size-large wp-image-251\" alt=\"\" srcset=\"https:\/\/bfcludocrea.com\/wp-content\/uploads\/2025\/06\/Photo-Emilie.png 313w, https:\/\/bfcludocrea.com\/wp-content\/uploads\/2025\/06\/Photo-Emilie-300x288.png 300w\" sizes=\"(max-width: 313px) 100vw, 313px\" \/>\t\t\t\t\t\t\t\t\t\t\t\t\t\t\t<\/div>\n\t\t\t\t<\/div>\n\t\t\t\t<div class=\"elementor-element elementor-element-e99fa73 elementor-widget elementor-widget-image\" data-id=\"e99fa73\" data-element_type=\"widget\" data-e-type=\"widget\" data-widget_type=\"image.default\">\n\t\t\t\t<div class=\"elementor-widget-container\">\n\t\t\t\t\t\t\t\t\t\t\t\t\t\t\t<img decoding=\"async\" width=\"1024\" height=\"604\" src=\"https:\/\/bfcludocrea.com\/wp-content\/uploads\/2025\/06\/Capture-decran-2025-06-09-a-15.12.47-copie-1024x604.jpg\" class=\"attachment-large size-large wp-image-477\" alt=\"\" srcset=\"https:\/\/bfcludocrea.com\/wp-content\/uploads\/2025\/06\/Capture-decran-2025-06-09-a-15.12.47-copie-1024x604.jpg 1024w, https:\/\/bfcludocrea.com\/wp-content\/uploads\/2025\/06\/Capture-decran-2025-06-09-a-15.12.47-copie-300x177.jpg 300w, https:\/\/bfcludocrea.com\/wp-content\/uploads\/2025\/06\/Capture-decran-2025-06-09-a-15.12.47-copie-768x453.jpg 768w, https:\/\/bfcludocrea.com\/wp-content\/uploads\/2025\/06\/Capture-decran-2025-06-09-a-15.12.47-copie.jpg 1474w\" sizes=\"(max-width: 1024px) 100vw, 1024px\" \/>\t\t\t\t\t\t\t\t\t\t\t\t\t\t\t<\/div>\n\t\t\t\t<\/div>\n\t\t\t\t\t<\/div>\n\t\t\t\t<\/div>\n\t\t<div class=\"elementor-element elementor-element-4992f06 e-grid e-con-boxed e-con e-parent\" data-id=\"4992f06\" data-element_type=\"container\" data-e-type=\"container\">\n\t\t\t\t\t<div class=\"e-con-inner\">\n\t\t\t\t<div class=\"elementor-element elementor-element-046cc0e elementor-widget elementor-widget-heading\" data-id=\"046cc0e\" data-element_type=\"widget\" data-e-type=\"widget\" data-widget_type=\"heading.default\">\n\t\t\t\t<div class=\"elementor-widget-container\">\n\t\t\t\t\t<h2 class=\"elementor-heading-title elementor-size-default\">Passionn\u00e9e de p\u00e9dagogie, de jeux et d'innovation,<br><br>apr\u00e8s plusieurs ann\u00e9es dans l'enseignement et la formation, j'ai fond\u00e9 BFC avec deux convictions fortes :<br><span style=\"--Ys-XuQ: none;font-weight: 400;font-style: normal\"> <\/span><p style=\"--8sD0Kg: none;font-family: YAD1aU3sLnI_0, _fb_, auto;--cyV3ZQ: 26.6667px;--gJPlXQ: 1.2;text-transform: none;--s8NbEA: p;line-height: 32px\"><\/p><ul><li><span style=\"--Ys-XuQ: none;font-weight: 400;font-style: normal\">en conjuguant nos forces, nous pouvons cr\u00e9er des interventions \u00e0 la fois riches, dynamiques et profond\u00e9ment <\/span><span style=\"--Ys-XuQ: none;font-weight: 700;font-style: normal\">humaines<\/span><span style=\"--Ys-XuQ: none;font-weight: 400;font-style: normal\">.<\/span><\/li><\/ul><p style=\"--8sD0Kg: none;font-family: YAD1aU3sLnI_0, _fb_, auto;--cyV3ZQ: 26.6667px;--gJPlXQ: 1.2;text-transform: none;--s8NbEA: p;line-height: 32px\"><\/p><ul><li><span style=\"--Ys-XuQ: none;font-weight: 400;font-style: normal\">les organisations r\u00e9ussissent lorsqu\u2019elles osent mettre l\u2019humain, le jeu et la cr\u00e9ativit\u00e9 au c\u0153ur de leurs <\/span><span style=\"--Ys-XuQ: none;font-weight: 700;font-style: normal\">dynamiques collectives<\/span><span style=\"--Ys-XuQ: none;font-weight: 400;font-style: normal\">.<\/span><\/li><\/ul><\/h2>\t\t\t\t<\/div>\n\t\t\t\t<\/div>\n\t\t\t\t<div class=\"elementor-element elementor-element-b82ecc7 elementor-widget elementor-widget-text-editor\" data-id=\"b82ecc7\" data-element_type=\"widget\" data-e-type=\"widget\" data-widget_type=\"text-editor.default\">\n\t\t\t\t<div class=\"elementor-widget-container\">\n\t\t\t\t\t\t\t\t\t<p><strong>Un parcours professionnel compl\u00e9mentaire :<\/strong><\/p><p>Animatrice \/ Directrice de centres de vacances \/ Formatrice BAFA<\/p><p>Enseignante sp\u00e9cialis\u00e9e dans les fonctions cognitives<\/p><p>Chef d&rsquo;\u00e9tablissement<\/p><p>Conseill\u00e8re p\u00e9dagogique en circonscription ASH<\/p><p>Ing\u00e9nieure p\u00e9dagogique et de formation<\/p><p>Facilitatrice<\/p><p>S\u00e9rious Game Designer \/ Membre de l&rsquo;\u00e9quipe d&rsquo;organisation de LudiNord Pro<\/p>\t\t\t\t\t\t\t\t<\/div>\n\t\t\t\t<\/div>\n\t\t\t\t\t<\/div>\n\t\t\t\t<\/div>\n\t\t<div class=\"elementor-element elementor-element-0af8ee3 e-flex e-con-boxed e-con e-parent\" data-id=\"0af8ee3\" data-element_type=\"container\" data-e-type=\"container\">\n\t\t\t\t\t<div class=\"e-con-inner\">\n\t\t<div class=\"elementor-element elementor-element-406726a e-con-full e-flex e-con e-child\" data-id=\"406726a\" data-element_type=\"container\" data-e-type=\"container\">\n\t\t\t\t<div class=\"elementor-element elementor-element-c392140 elementor-widget elementor-widget-heading\" data-id=\"c392140\" data-element_type=\"widget\" data-e-type=\"widget\" data-widget_type=\"heading.default\">\n\t\t\t\t<div class=\"elementor-widget-container\">\n\t\t\t\t\t<h1 class=\"elementor-heading-title elementor-size-default\">Ma vision<\/h1>\t\t\t\t<\/div>\n\t\t\t\t<\/div>\n\t\t\t\t<\/div>\n\t\t\t\t\t<\/div>\n\t\t\t\t<\/div>\n\t\t<div class=\"elementor-element elementor-element-ce9f9c1 e-flex e-con-boxed e-con e-parent\" data-id=\"ce9f9c1\" data-element_type=\"container\" data-e-type=\"container\">\n\t\t\t\t\t<div class=\"e-con-inner\">\n\t\t<div class=\"elementor-element elementor-element-9a93bbf e-con-full e-flex e-con e-child\" data-id=\"9a93bbf\" data-element_type=\"container\" data-e-type=\"container\">\n\t\t\t\t<div class=\"elementor-element elementor-element-866fe8c elementor-widget__width-initial elementor-widget elementor-widget-text-editor\" data-id=\"866fe8c\" data-element_type=\"widget\" data-e-type=\"widget\" data-widget_type=\"text-editor.default\">\n\t\t\t\t<div class=\"elementor-widget-container\">\n\t\t\t\t\t\t\t\t\t<p>Je suis persuad\u00e9e que la r\u00e9ussite repose sur les personnes et leur capacit\u00e9 \u00e0 faire face \u00e0 la complexit\u00e9 et l\u2019impr\u00e9vu avec cr\u00e9ativit\u00e9 et lud\u2019innovation.<\/p>\t\t\t\t\t\t\t\t<\/div>\n\t\t\t\t<\/div>\n\t\t\t\t<\/div>\n\t\t\t\t\t<\/div>\n\t\t\t\t<\/div>\n\t\t\t\t<\/div>\n\t\t","protected":false},"excerpt":{"rendered":"<p>Faisons connaissance Emilie Clerbout Passionn\u00e9e de p\u00e9dagogie, de jeux et d&rsquo;innovation, apr\u00e8s plusieurs ann\u00e9es dans l&rsquo;enseignement et la formation, j&rsquo;ai fond\u00e9 BFC avec deux convictions fortes : en conjuguant nos forces, nous pouvons cr\u00e9er des interventions \u00e0 la fois riches, dynamiques et profond\u00e9ment humaines. les organisations r\u00e9ussissent lorsqu\u2019elles osent mettre l\u2019humain, le jeu et la [&hellip;]<\/p>\n","protected":false},"author":2,"featured_media":0,"parent":0,"menu_order":0,"comment_status":"closed","ping_status":"closed","template":"","meta":{"ocean_post_layout":"","ocean_both_sidebars_style":"","ocean_both_sidebars_content_width":0,"ocean_both_sidebars_sidebars_width":0,"ocean_sidebar":"","ocean_second_sidebar":"","ocean_disable_margins":"enable","ocean_add_body_class":"","ocean_shortcode_before_top_bar":"","ocean_shortcode_after_top_bar":"","ocean_shortcode_before_header":"","ocean_shortcode_after_header":"","ocean_has_shortcode":"","ocean_shortcode_after_title":"","ocean_shortcode_before_footer_widgets":"","ocean_shortcode_after_footer_widgets":"","ocean_shortcode_before_footer_bottom":"","ocean_shortcode_after_footer_bottom":"","ocean_display_top_bar":"default","ocean_display_header":"default","ocean_header_style":"","ocean_center_header_left_menu":"","ocean_custom_header_template":"","ocean_custom_logo":0,"ocean_custom_retina_logo":0,"ocean_custom_logo_max_width":0,"ocean_custom_logo_tablet_max_width":0,"ocean_custom_logo_mobile_max_width":0,"ocean_custom_logo_max_height":0,"ocean_custom_logo_tablet_max_height":0,"ocean_custom_logo_mobile_max_height":0,"ocean_header_custom_menu":"","ocean_menu_typo_font_family":"","ocean_menu_typo_font_subset":"","ocean_menu_typo_font_size":0,"ocean_menu_typo_font_size_tablet":0,"ocean_menu_typo_font_size_mobile":0,"ocean_menu_typo_font_size_unit":"px","ocean_menu_typo_font_weight":"","ocean_menu_typo_font_weight_tablet":"","ocean_menu_typo_font_weight_mobile":"","ocean_menu_typo_transform":"","ocean_menu_typo_transform_tablet":"","ocean_menu_typo_transform_mobile":"","ocean_menu_typo_line_height":0,"ocean_menu_typo_line_height_tablet":0,"ocean_menu_typo_line_height_mobile":0,"ocean_menu_typo_line_height_unit":"","ocean_menu_typo_spacing":0,"ocean_menu_typo_spacing_tablet":0,"ocean_menu_typo_spacing_mobile":0,"ocean_menu_typo_spacing_unit":"","ocean_menu_link_color":"","ocean_menu_link_color_hover":"","ocean_menu_link_color_active":"","ocean_menu_link_background":"","ocean_menu_link_hover_background":"","ocean_menu_link_active_background":"","ocean_menu_social_links_bg":"","ocean_menu_social_hover_links_bg":"","ocean_menu_social_links_color":"","ocean_menu_social_hover_links_color":"","ocean_disable_title":"default","ocean_disable_heading":"default","ocean_post_title":"","ocean_post_subheading":"","ocean_post_title_style":"","ocean_post_title_background_color":"","ocean_post_title_background":0,"ocean_post_title_bg_image_position":"","ocean_post_title_bg_image_attachment":"","ocean_post_title_bg_image_repeat":"","ocean_post_title_bg_image_size":"","ocean_post_title_height":0,"ocean_post_title_bg_overlay":0.5,"ocean_post_title_bg_overlay_color":"","ocean_disable_breadcrumbs":"default","ocean_breadcrumbs_color":"","ocean_breadcrumbs_separator_color":"","ocean_breadcrumbs_links_color":"","ocean_breadcrumbs_links_hover_color":"","ocean_display_footer_widgets":"default","ocean_display_footer_bottom":"default","ocean_custom_footer_template":"","footnotes":""},"class_list":["post-170","page","type-page","status-publish","hentry","entry"],"_links":{"self":[{"href":"https:\/\/bfcludocrea.com\/index.php?rest_route=\/wp\/v2\/pages\/170","targetHints":{"allow":["GET"]}}],"collection":[{"href":"https:\/\/bfcludocrea.com\/index.php?rest_route=\/wp\/v2\/pages"}],"about":[{"href":"https:\/\/bfcludocrea.com\/index.php?rest_route=\/wp\/v2\/types\/page"}],"author":[{"embeddable":true,"href":"https:\/\/bfcludocrea.com\/index.php?rest_route=\/wp\/v2\/users\/2"}],"replies":[{"embeddable":true,"href":"https:\/\/bfcludocrea.com\/index.php?rest_route=%2Fwp%2Fv2%2Fcomments&post=170"}],"version-history":[{"count":109,"href":"https:\/\/bfcludocrea.com\/index.php?rest_route=\/wp\/v2\/pages\/170\/revisions"}],"predecessor-version":[{"id":710,"href":"https:\/\/bfcludocrea.com\/index.php?rest_route=\/wp\/v2\/pages\/170\/revisions\/710"}],"wp:attachment":[{"href":"https:\/\/bfcludocrea.com\/index.php?rest_route=%2Fwp%2Fv2%2Fmedia&parent=170"}],"curies":[{"name":"wp","href":"https:\/\/api.w.org\/{rel}","templated":true}]}}